{"id":1529,"date":"2026-02-11T10:54:33","date_gmt":"2026-02-11T09:54:33","guid":{"rendered":"https:\/\/ceofrance-international.com\/index.php\/produit\/mug-de-lespace-edition-2026-limitee\/"},"modified":"2026-02-24T21:31:34","modified_gmt":"2026-02-24T20:31:34","slug":"mug-de-lespace-edition-2026-limitee","status":"publish","type":"product","link":"https:\/\/ceofrance-international.com\/index.php\/produit\/mug-de-lespace-edition-2026-limitee\/","title":{"rendered":"MUG de l&rsquo;espace \/Edition- 2026 ( limit\u00e9e)"},"content":{"rendered":"<h2 data-start=\"127\" data-end=\"185\">\u00a0Le Mug de l\u2019Espace \u2013 Chaque caf\u00e9 devient une mission<\/h2>\n<p data-start=\"187\" data-end=\"285\">Il y a les matins ordinaires.<br data-start=\"216\" data-end=\"219\" \/>Et il y a ceux qui commencent avec un objectif plus grand que soi.<\/p>\n<p data-start=\"287\" data-end=\"429\"><strong data-start=\"287\" data-end=\"309\">Le Mug de l\u2019Espace<\/strong> arbore fi\u00e8rement le logo de <span class=\"hover:entity-accent entity-underline inline cursor-pointer align-baseline\"><span class=\"whitespace-normal\">CEO France International<\/span><\/span>.<br data-start=\"376\" data-end=\"379\" \/>Un symbole d\u2019engagement, de recherche et d\u2019avenir.<\/p>\n<h3 data-start=\"670\" data-end=\"692\">Con\u00e7u pour durer<\/h3>\n<ul data-start=\"694\" data-end=\"838\">\n<li data-start=\"694\" data-end=\"718\">\n<p data-start=\"696\" data-end=\"718\">C\u00e9ramique r\u00e9sistante<\/p>\n<\/li>\n<li data-start=\"719\" data-end=\"755\">\n<p data-start=\"721\" data-end=\"755\">Impression haute qualit\u00e9 du logo<\/p>\n<\/li>\n<li data-start=\"756\" data-end=\"800\">\n<p data-start=\"758\" data-end=\"800\">Parfait pour caf\u00e9, th\u00e9 ou chocolat chaud<\/p>\n<\/li>\n<li data-start=\"801\" data-end=\"838\">\n<p data-start=\"803\" data-end=\"838\">Id\u00e9al au bureau comme \u00e0 la maison<\/p>\n<\/li>\n<\/ul>\n<p data-start=\"840\" data-end=\"875\">Un mug solide, \u00e9l\u00e9gant, symbolique.<\/p>\n<hr data-start=\"877\" data-end=\"880\" \/>\n<h3 data-start=\"882\" data-end=\"911\">\ud83d\udd2c Un achat qui a du sens<\/h3>\n<p data-start=\"913\" data-end=\"1069\">En choisissant <strong data-start=\"928\" data-end=\"950\">Le Mug de l\u2019Espace<\/strong>, vous soutenez les actions et initiatives port\u00e9es par <span class=\"hover:entity-accent entity-underline inline cursor-pointer align-baseline\"><span class=\"whitespace-normal\">CEO France International<\/span><\/span> en faveur de la recherche.<\/p>\n<p data-start=\"1071\" data-end=\"1130\">Boire devient un geste engag\u00e9.<br data-start=\"1101\" data-end=\"1104\" \/>Offrir devient un message.<\/p>\n","protected":false},"excerpt":{"rendered":"<p>\u00a0Le Mug de l\u2019Espace \u2013 Chaque caf\u00e9 devient une mission Il y a les matins ordinaires.Et il y a ceux qui commencent avec un objectif plus grand que soi. Le Mug de l\u2019Espace arbore fi\u00e8rement le logo de CEO France International.Un symbole d\u2019engagement, de recherche et d\u2019avenir. Con\u00e7u pour durer C\u00e9ramique r\u00e9sistante Impression haute qualit\u00e9 [&hellip;]<\/p>\n","protected":false},"featured_media":1776,"comment_status":"open","ping_status":"closed","template":"","meta":{"om_disable_all_campaigns":false,"_monsterinsights_skip_tracking":false,"_monsterinsights_sitenote_active":false,"_monsterinsights_sitenote_note":"","_monsterinsights_sitenote_category":0},"product_brand":[],"product_cat":[24],"product_tag":[],"class_list":{"0":"post-1529","1":"product","2":"type-product","3":"status-publish","4":"has-post-thumbnail","6":"product_cat-non-classe","8":"first","9":"instock","10":"shipping-taxable","11":"purchasable","12":"product-type-variable","13":"has-default-attributes"},"aioseo_notices":[],"_links":{"self":[{"href":"https:\/\/ceofrance-international.com\/index.php\/wp-json\/wp\/v2\/product\/1529","targetHints":{"allow":["GET"]}}],"collection":[{"href":"https:\/\/ceofrance-international.com\/index.php\/wp-json\/wp\/v2\/product"}],"about":[{"href":"https:\/\/ceofrance-international.com\/index.php\/wp-json\/wp\/v2\/types\/product"}],"replies":[{"embeddable":true,"href":"https:\/\/ceofrance-international.com\/index.php\/wp-json\/wp\/v2\/comments?post=1529"}],"wp:featuredmedia":[{"embeddable":true,"href":"https:\/\/ceofrance-international.com\/index.php\/wp-json\/wp\/v2\/media\/1776"}],"wp:attachment":[{"href":"https:\/\/ceofrance-international.com\/index.php\/wp-json\/wp\/v2\/media?parent=1529"}],"wp:term":[{"taxonomy":"product_brand","embeddable":true,"href":"https:\/\/ceofrance-international.com\/index.php\/wp-json\/wp\/v2\/product_brand?post=1529"},{"taxonomy":"product_cat","embeddable":true,"href":"https:\/\/ceofrance-international.com\/index.php\/wp-json\/wp\/v2\/product_cat?post=1529"},{"taxonomy":"product_tag","embeddable":true,"href":"https:\/\/ceofrance-international.com\/index.php\/wp-json\/wp\/v2\/product_tag?post=1529"}],"curies":[{"name":"wp","href":"https:\/\/api.w.org\/{rel}","templated":true}]}}