{"id":1412,"date":"2026-02-11T10:50:57","date_gmt":"2026-02-11T09:50:57","guid":{"rendered":"https:\/\/ceofrance-international.com\/index.php\/produit\/unisex-t-shirt-on-estla-special-edition-2026\/"},"modified":"2026-02-24T22:05:23","modified_gmt":"2026-02-24T21:05:23","slug":"unisex-t-shirt-on-estla-special-edition-2026","status":"publish","type":"product","link":"https:\/\/ceofrance-international.com\/index.php\/produit\/unisex-t-shirt-on-estla-special-edition-2026\/","title":{"rendered":"Unisex T-Shirt \/ \u00ab\u00a0ON ESTLA!!!\u00a0\u00bb Sp\u00e9cial Edition 2026"},"content":{"rendered":"<h2 data-start=\"99\" data-end=\"154\">T-Shirt \u201cON EST L\u00c0\u201d \u2013 \u00c9dition Officielle Association<\/h2>\n<p data-start=\"156\" data-end=\"286\">Affirmez votre engagement avec le T-Shirt \u201cON EST L\u00c0\u201d, une pi\u00e8ce symbolique aux couleurs de <span class=\"hover:entity-accent entity-underline inline cursor-pointer align-baseline\"><span class=\"whitespace-normal\">CEO France International<\/span><\/span>.<\/p>\n<p data-start=\"288\" data-end=\"403\">Plus qu\u2019un v\u00eatement, ce t-shirt repr\u00e9sente la pr\u00e9sence, la solidarit\u00e9 et le soutien \u00e0 une cause qui nous rassemble.<\/p>\n<hr data-start=\"405\" data-end=\"408\" \/>\n<h3 data-start=\"410\" data-end=\"429\">Un message fort<\/h3>\n<p data-start=\"431\" data-end=\"519\">\u201cON EST L\u00c0\u201d, c\u2019est une d\u00e9claration simple et puissante :<br data-start=\"487\" data-end=\"490\" \/>\u00eatre pr\u00e9sent, soutenir, agir.<\/p>\n<p data-start=\"521\" data-end=\"650\">En le portant, vous montrez votre attachement aux valeurs port\u00e9es par l\u2019association et votre volont\u00e9 de contribuer \u00e0 ses actions.<\/p>\n","protected":false},"excerpt":{"rendered":"<p>T-Shirt \u201cON EST L\u00c0\u201d \u2013 \u00c9dition Officielle Association Affirmez votre engagement avec le T-Shirt \u201cON EST L\u00c0\u201d, une pi\u00e8ce symbolique aux couleurs de CEO France International. Plus qu\u2019un v\u00eatement, ce t-shirt repr\u00e9sente la pr\u00e9sence, la solidarit\u00e9 et le soutien \u00e0 une cause qui nous rassemble. Un message fort \u201cON EST L\u00c0\u201d, c\u2019est une d\u00e9claration simple [&hellip;]<\/p>\n","protected":false},"featured_media":1790,"comment_status":"open","ping_status":"closed","template":"","meta":{"om_disable_all_campaigns":false,"_monsterinsights_skip_tracking":false,"_monsterinsights_sitenote_active":false,"_monsterinsights_sitenote_note":"","_monsterinsights_sitenote_category":0},"product_brand":[],"product_cat":[24],"product_tag":[],"class_list":{"0":"post-1412","1":"product","2":"type-product","3":"status-publish","4":"has-post-thumbnail","6":"product_cat-non-classe","8":"first","9":"instock","10":"shipping-taxable","11":"purchasable","12":"product-type-variable","13":"has-default-attributes"},"aioseo_notices":[],"_links":{"self":[{"href":"https:\/\/ceofrance-international.com\/index.php\/wp-json\/wp\/v2\/product\/1412","targetHints":{"allow":["GET"]}}],"collection":[{"href":"https:\/\/ceofrance-international.com\/index.php\/wp-json\/wp\/v2\/product"}],"about":[{"href":"https:\/\/ceofrance-international.com\/index.php\/wp-json\/wp\/v2\/types\/product"}],"replies":[{"embeddable":true,"href":"https:\/\/ceofrance-international.com\/index.php\/wp-json\/wp\/v2\/comments?post=1412"}],"wp:featuredmedia":[{"embeddable":true,"href":"https:\/\/ceofrance-international.com\/index.php\/wp-json\/wp\/v2\/media\/1790"}],"wp:attachment":[{"href":"https:\/\/ceofrance-international.com\/index.php\/wp-json\/wp\/v2\/media?parent=1412"}],"wp:term":[{"taxonomy":"product_brand","embeddable":true,"href":"https:\/\/ceofrance-international.com\/index.php\/wp-json\/wp\/v2\/product_brand?post=1412"},{"taxonomy":"product_cat","embeddable":true,"href":"https:\/\/ceofrance-international.com\/index.php\/wp-json\/wp\/v2\/product_cat?post=1412"},{"taxonomy":"product_tag","embeddable":true,"href":"https:\/\/ceofrance-international.com\/index.php\/wp-json\/wp\/v2\/product_tag?post=1412"}],"curies":[{"name":"wp","href":"https:\/\/api.w.org\/{rel}","templated":true}]}}