{"id":98,"date":"2023-12-04T17:15:03","date_gmt":"2023-12-04T16:15:03","guid":{"rendered":"https:\/\/ceofrance-international.com\/?page_id=98"},"modified":"2026-01-12T19:15:04","modified_gmt":"2026-01-12T18:15:04","slug":"aucun-titre","status":"publish","type":"page","link":"https:\/\/ceofrance-international.com\/index.php\/aucun-titre\/","title":{"rendered":"Livres &amp; ouvrages"},"content":{"rendered":"\n<p><strong><em>De Sodicoeur \u00e0 Serge Nazare, de l\u2019autobiographie aux r\u00e9cits captivants de Genevi\u00e8ve Vanquelef, d\u00e9couvrez une s\u00e9lection d\u2019ouvrages de r\u00e9f\u00e9rence pour approfondir l\u2019ufologie, comprendre les ph\u00e9nom\u00e8nes a\u00e9rospatiaux non identifi\u00e9s, et explorer les parcours de figures marquantes qui gravitent autour de notre association et ont fa\u00e7onn\u00e9 l\u2019histoire contemporaine du ph\u00e9nom\u00e8ne.<\/em><\/strong><\/p>\n\n\n\n<div class=\"wp-block-columns is-layout-flex wp-container-core-columns-is-layout-28f84493 wp-block-columns-is-layout-flex\">\n<div class=\"wp-block-column is-layout-flow wp-block-column-is-layout-flow\">\n<figure class=\"wp-block-image size-full\"><img fetchpriority=\"high\" decoding=\"async\" width=\"552\" height=\"760\" src=\"https:\/\/ceofrance-international.com\/wp-content\/uploads\/2026\/01\/Capture-decran-2026-01-10-204058.png\" alt=\"\" class=\"wp-image-1012\" srcset=\"https:\/\/ceofrance-international.com\/wp-content\/uploads\/2026\/01\/Capture-decran-2026-01-10-204058.png 552w, https:\/\/ceofrance-international.com\/wp-content\/uploads\/2026\/01\/Capture-decran-2026-01-10-204058-218x300.png 218w\" sizes=\"(max-width: 552px) 100vw, 552px\" \/><\/figure>\n<\/div>\n\n\n\n<div class=\"wp-block-column is-layout-flow wp-block-column-is-layout-flow\"><\/div>\n\n\n\n<div class=\"wp-block-column is-layout-flow wp-block-column-is-layout-flow\"><\/div>\n\n\n\n<div class=\"wp-block-column is-layout-flow wp-block-column-is-layout-flow\">\n<figure class=\"wp-block-image size-full is-resized\"><img decoding=\"async\" width=\"466\" height=\"660\" src=\"https:\/\/ceofrance-international.com\/wp-content\/uploads\/2026\/01\/Capture-decran-2026-01-10-204159.png\" alt=\"\" class=\"wp-image-1013\" style=\"aspect-ratio:0.7060708782742681;width:348px;height:auto\" srcset=\"https:\/\/ceofrance-international.com\/wp-content\/uploads\/2026\/01\/Capture-decran-2026-01-10-204159.png 466w, https:\/\/ceofrance-international.com\/wp-content\/uploads\/2026\/01\/Capture-decran-2026-01-10-204159-212x300.png 212w\" sizes=\"(max-width: 466px) 100vw, 466px\" \/><\/figure>\n<\/div>\n<\/div>\n\n\n\n<div class=\"wp-block-columns is-layout-flex wp-container-core-columns-is-layout-28f84493 wp-block-columns-is-layout-flex\">\n<div class=\"wp-block-column is-layout-flow wp-block-column-is-layout-flow\">\n<p class=\"has-text-align-left\" style=\"font-size:14px\"><a href=\"https:\/\/www.amazon.fr\/IRIS-FOLIE-MULTIVERS-MONDES-PARALLELES\/dp\/B08HTM7ZL2\" data-type=\"link\" data-id=\"https:\/\/www.amazon.fr\/IRIS-FOLIE-MULTIVERS-MONDES-PARALLELES\/dp\/B08HTM7ZL2\"><strong><em>C&rsquo;est \u00e0 travers des mots dont la po\u00e9sie vous \u00e9l\u00e8ve et vous transcende,<br>Des mots qui vous font danser sur le plan de l&rsquo;\u00e2me,<br>De l&rsquo;esprit,<br>Et celui de la cause,<br>Fr\u00f4lant la porte de sortie de la matrice&#8230;<\/em><\/strong><\/a><\/p>\n<\/div>\n\n\n\n<div class=\"wp-block-column is-layout-flow wp-block-column-is-layout-flow\">\n<p>&nbsp;<a href=\"https:\/\/www.decitre.fr\/livres\/pelerin-du-cosmos-9782357841437.html\" data-type=\"link\" data-id=\"https:\/\/www.decitre.fr\/livres\/pelerin-du-cosmos-9782357841437.html\"><strong><em>En contact avec des \u00eatres de l&rsquo;espace qui lui enseigneront durant plus de 40 ans les lois et les organisations <\/em><\/strong><\/a><\/p>\n<\/div>\n<\/div>\n\n\n\n<h2 class=\"wp-block-heading\">Ouvrages de Genevi\u00e8ve Vanquelef<\/h2>\n\n\n\n<p><strong><em>Retrouvez ici les ouvrages de Genevi\u00e8ve Vanquelef, devenus rares et pour certains quasi introuvables, consacr\u00e9s \u00e0 ses recherches, t\u00e9moignages et analyses majeures sur l\u2019ufologie contemporaine et les ph\u00e9nom\u00e8nes inexpliqu\u00e9s.<\/em><\/strong><\/p>\n\n\n\n<div class=\"wp-block-columns is-layout-flex wp-container-core-columns-is-layout-28f84493 wp-block-columns-is-layout-flex\">\n<div class=\"wp-block-column is-layout-flow wp-block-column-is-layout-flow\">\n<p><a href=\"https:\/\/ceofrance-international.com\/wp-content\/uploads\/2024\/04\/OVNI-Experimentations-tres-speciales.pdf\" data-type=\"link\" data-id=\"https:\/\/ceofrance-international.com\/wp-content\/uploads\/2024\/04\/OVNI-Experimentations-tres-speciales.pdf\">01 &#8211; OVNI EXP\u00c9RIMENTATIONS TR\u00c8S SP\u00c9CIALES Premier livre fran\u00e7ais sur les rencontres et les enl\u00e8vements par les objets volants non identifi\u00e9s.<\/a><\/p>\n<\/div>\n\n\n\n<div class=\"wp-block-column is-layout-flow wp-block-column-is-layout-flow\">\n<p><a href=\"https:\/\/filedn.eu\/l7aEieoebTAp9TW303LKGXy\/Genevieve%20Vanquelef\/Dossiers%20brulants%20inedits.pdf\">02 &#8211; DOSSIERS BR\u00dbLANTS INCONNUS :<\/a><a href=\"https:\/\/filedn.eu\/l7aEieoebTAp9TW303LKGXy\/Genevieve%20Vanquelef\/Dossiers%20brulants%20inedits.pdf\" data-type=\"link\" data-id=\"https:\/\/filedn.eu\/l7aEieoebTAp9TW303LKGXy\/Genevieve%20Vanquelef\/Dossiers%20brulants%20inedits.pdf\">Exp\u00e9rimentations sp\u00e9ciales par les gris\u2026 Nouveaut\u00e9s sur les implants\u2026 Occultistes et services secrets\u2026 Et autres sujets aussi passionnants. 150 pages<\/a><br><\/p>\n<\/div>\n\n\n\n<div class=\"wp-block-column is-layout-flow wp-block-column-is-layout-flow\">\n<figure class=\"wp-block-image size-full\"><img decoding=\"async\" width=\"343\" height=\"340\" src=\"https:\/\/ceofrance-international.com\/wp-content\/uploads\/2026\/01\/Capture-decran-2026-01-10-211209.png\" alt=\"\" class=\"wp-image-1014\" srcset=\"https:\/\/ceofrance-international.com\/wp-content\/uploads\/2026\/01\/Capture-decran-2026-01-10-211209.png 343w, https:\/\/ceofrance-international.com\/wp-content\/uploads\/2026\/01\/Capture-decran-2026-01-10-211209-300x297.png 300w, https:\/\/ceofrance-international.com\/wp-content\/uploads\/2026\/01\/Capture-decran-2026-01-10-211209-150x150.png 150w\" sizes=\"(max-width: 343px) 100vw, 343px\" \/><\/figure>\n<\/div>\n<\/div>\n\n\n\n<div class=\"wp-block-columns is-layout-flex wp-container-core-columns-is-layout-28f84493 wp-block-columns-is-layout-flex\">\n<div class=\"wp-block-column is-layout-flow wp-block-column-is-layout-flow\">\n<p><a href=\"https:\/\/filedn.eu\/l7aEieoebTAp9TW303LKGXy\/Genevieve%20Vanquelef\/Les_enquetes_du_policier_anglais_Tony_Dodd.pdf\" data-type=\"link\" data-id=\"https:\/\/filedn.eu\/l7aEieoebTAp9TW303LKGXy\/Genevieve%20Vanquelef\/Les_enquetes_du_policier_anglais_Tony_Dodd.pdf\">03 \u2013 LES ENQU\u00caTES DU POLICIER ANGLAIS TONY DODD : Et d&rsquo;autres\u2026 Mutilations animales, enl\u00e8vements et pas aux \u00c9tats-Unis, mais en Angleterre. 62 pages.<\/a><\/p>\n<\/div>\n\n\n\n<div class=\"wp-block-column is-layout-flow wp-block-column-is-layout-flow\">\n<p><a href=\"https:\/\/filedn.eu\/l7aEieoebTAp9TW303LKGXy\/Genevieve%20Vanquelef\/Deux_histoires_d'enlevements_bien_documentes.pdf\" data-type=\"link\" data-id=\"https:\/\/filedn.eu\/l7aEieoebTAp9TW303LKGXy\/Genevieve%20Vanquelef\/Deux_histoires_d'enlevements_bien_documentes.pdf\">04 \u2013 DEUX HISTOIRES D\u2019ENL\u00c8VEMENT BIEN DOCUMENT\u00c9S : Raconte un acharnement alien particuli\u00e8rement agressif, aux USA, d&rsquo;apr\u00e8s Constance Clear<\/a><\/p>\n<\/div>\n\n\n\n<div class=\"wp-block-column is-layout-flow wp-block-column-is-layout-flow\">\n<p> 05-<a href=\"https:\/\/ceofrance-international.com\/wp-content\/uploads\/2024\/04\/Les-rescapes-de-Montauk.pdf\" data-type=\"link\" data-id=\"https:\/\/ceofrance-international.com\/wp-content\/uploads\/2024\/04\/Les-rescapes-de-Montauk.pdf\">LES RESCAP\u00c9S DE MONTAUK Exp\u00e9rimentations  \u00e0 la suite de l&rsquo;exp\u00e9rience de Philadelphie en 1943 manipulation de la pens\u00e9e, voyages dans le pass\u00e9, le futur des homme ont \u00e9t\u00e9 perdus dans le tunnel du temps.<\/a><\/p>\n<\/div>\n<\/div>\n\n\n\n<div class=\"wp-block-columns is-layout-flex wp-container-core-columns-is-layout-28f84493 wp-block-columns-is-layout-flex\">\n<div class=\"wp-block-column is-layout-flow wp-block-column-is-layout-flow\">\n<p><a href=\"https:\/\/filedn.eu\/l7aEieoebTAp9TW303LKGXy\/Genevieve%20Vanquelef\/Clins%20d'oeil%20sur%20d'autres%20realites.pdf\" data-type=\"link\" data-id=\"https:\/\/filedn.eu\/l7aEieoebTAp9TW303LKGXy\/Genevieve%20Vanquelef\/Clins%20d'oeil%20sur%20d'autres%20realites.pdf\">06 &#8211; EXTRAITS de : \u00ab clins d\u2019\u0153il sur d&rsquo;autres r\u00e9alit\u00e9s \u00bb : Nombreux extraits du livre de la c\u00e9l\u00e8bre chroniqueuse am\u00e9ricaine : Linda Moulton-Hoove. Intr\u00e9pidement, elle enqu\u00eate sur les mutilations animales inexpliqu\u00e9es de son pays, sur les enl\u00e8vements, les myst\u00e9rieux crop-circles, etc\u2026 195 <\/a><\/p>\n<\/div>\n\n\n\n<div class=\"wp-block-column is-layout-flow wp-block-column-is-layout-flow\">\n<p><a href=\"https:\/\/filedn.eu\/l7aEieoebTAp9TW303LKGXy\/Genevieve%20Vanquelef\/Steward%20swerdlow%20et%20les%20aliens.pdf\">07 &#8211; STEWARD SWERDLOW ET LES ALIENS<\/a> D&rsquo;apr\u00e8s le livre \u00ab Alien Connection \u00bb de l&rsquo;un des plus \u00e9tranges \u00ab gar\u00e7on de Montauk Qui fut manipul\u00e9, manipulateur, et v\u00e9cut certaines exp\u00e9riences excessivement traumatisantes et d&rsquo;autres, exaltantes. En particulier, il a \u00e9t\u00e9 renvoy\u00e9 dans le pass\u00e9 au temps du Christ.<\/p>\n<\/div>\n\n\n\n<div class=\"wp-block-column is-layout-flow wp-block-column-is-layout-flow\">\n<p>08 &#8211; <a title=\"\" href=\"https:\/\/ceofrance-international.com\/wp-content\/uploads\/2024\/02\/Le-voyage-dans-le-temps-n\u00b01-i.pdf\"><\/a><a title=\"\" href=\"https:\/\/ceofrance-international.com\/wp-content\/uploads\/2024\/04\/Le-voyage-dans-le-temps-n\u00b01.pdf\">LE VOYAGE DANS LE TEMPS N\u00b0<\/a>1 Suite \u00e0 l&rsquo;exp\u00e9rience de Philadelphie en 1943, une br\u00e8che fut ouverte dans le temps \u00e0 Montauk &#8230;Des exp\u00e9rimentations de tout calibre suivirent pendant des ann\u00e9es&#8230; Des participants t\u00e9moignent&#8230; Cela d\u00e9passe I&rsquo; imagination<\/p>\n<\/div>\n<\/div>\n\n\n\n<div class=\"wp-block-columns is-layout-flex wp-container-core-columns-is-layout-28f84493 wp-block-columns-is-layout-flex\">\n<div class=\"wp-block-column is-layout-flow wp-block-column-is-layout-flow\">\n<p>09 &#8211; <a title=\"\" href=\"https:\/\/ceofrance-international.com\/wp-content\/uploads\/2024\/04\/Le-voyage-dans-le-temps-n\u00b02.pdf\">LE VOYAGE DANS LE TEMPS N\u00b02<\/a> La manipulation du temps a continu\u00e9 et continue toujours malgr\u00e9 les exp\u00e9riences malheureuses et les exp\u00e9rimentations p\u00e9nibles&#8230; Certains alien aident \u00e0 la recherche, d&rsquo; autres en profitent.<\/p>\n<\/div>\n\n\n\n<div class=\"wp-block-column is-layout-flow wp-block-column-is-layout-flow\">\n<p>10- <a title=\"\" href=\"https:\/\/ceofrance-international.com\/wp-content\/uploads\/2024\/04\/Incident-a-fort-Benning.pdf\">INCIDENT \u00c0 FORT BENNING<\/a> l&rsquo;Histoire ahurissante de l&rsquo;interaction d&rsquo;un OVNI devant 300 militaires sur une base des \u00c9tats-Unis . Tous ont subi un lavage de cerveau, mais peu \u00e0 peu la m\u00e9moire revient<\/p>\n<\/div>\n\n\n\n<div class=\"wp-block-column is-layout-flow wp-block-column-is-layout-flow\">\n<p><a href=\"https:\/\/filedn.eu\/l7aEieoebTAp9TW303LKGXy\/Genevieve%20Vanquelef\/Le_jour_apres_Roswell.pdf\">11 &#8211; LE JOUR APR\u00c8S ROSWELL :<\/a> Colonel Corso, qui fut le directeur du d\u00e9partement de la technologie au sein de la D\u00e9fense des USA. Il vit des choses \u00e9tonnantes et il raconte, peu avant sa mort.<br>215 pages.<\/p>\n<\/div>\n<\/div>\n\n\n\n<div class=\"wp-block-columns is-layout-flex wp-container-core-columns-is-layout-28f84493 wp-block-columns-is-layout-flex\">\n<div class=\"wp-block-column is-layout-flow wp-block-column-is-layout-flow\">\n<p>12 &#8211; <a title=\"\" href=\"https:\/\/ceofrance-international.com\/wp-content\/uploads\/2024\/04\/1997-du-nouveau-sur-Roswell.pdf\">DU NOUVEAU SUR ROSWELL<\/a> \u00c9tudes et documents sur le cas du plus c\u00e9l\u00e8bre crash du vaisseau spatial en juillet 1947, pr\u00e8s de la petite ville de Roswell, au nouveau-Mexique. USA. Compilation des livres les plus int\u00e9ressants sur la question.<\/p>\n<\/div>\n\n\n\n<div class=\"wp-block-column is-layout-flow wp-block-column-is-layout-flow\">\n<p>13 &#8211; <a title=\"\" href=\"https:\/\/ceofrance-international.com\/wp-content\/uploads\/2024\/04\/WINGMAKERS-les-createurs-dailes-1.pdf\">WINGMAKERS LES CR\u00c9ATEURS D&rsquo;AILES 1<\/a>  \u00abAncient Arrow \u00bbau Nouveau-Mexique. Les Wingmakers ,hommes de notre futur, auraient \u00e9tabli ces vestiges au 8\u00e8me si\u00e8cle avec des techniques futuristes. Premiers textes d\u00e9cod\u00e9s et mis sur Internet en 1998<\/p>\n<\/div>\n\n\n\n<div class=\"wp-block-column is-layout-flow wp-block-column-is-layout-flow\">\n<p>14 &#8211; <a title=\"\" href=\"https:\/\/ceofrance-international.com\/wp-content\/uploads\/2024\/02\/WINGMAKERS-les-createurs-dailes-2-i.pdf\"><\/a><a title=\"\" href=\"https:\/\/ceofrance-international.com\/wp-content\/uploads\/2024\/04\/WINGMAKERS-les-createurs-dailes-2.pdf\">WINGMAKERS LES CR\u00c9ATEURS D&rsquo;AILES<\/a> 2 Suite des textes, po\u00e8mes et photos des peintures d\u00e9pos\u00e9es par les Wingmakers. L&rsquo;ensemble est destin\u00e9 \u00e0 ouvrir l&rsquo;esprit des hommes et \u00e0 changer peut-\u00eatre la ligne du temps qui a conduit au futur v\u00e9cu par les Wingmakers<\/p>\n<\/div>\n<\/div>\n\n\n\n<div class=\"wp-block-columns is-layout-flex wp-container-core-columns-is-layout-28f84493 wp-block-columns-is-layout-flex\">\n<div class=\"wp-block-column is-layout-flow wp-block-column-is-layout-flow\">\n<figure class=\"wp-block-image size-full\"><img loading=\"lazy\" decoding=\"async\" width=\"581\" height=\"406\" src=\"https:\/\/ceofrance-international.com\/wp-content\/uploads\/2026\/01\/Capture-decran-2026-01-10-214058.png\" alt=\"\" class=\"wp-image-1015\" srcset=\"https:\/\/ceofrance-international.com\/wp-content\/uploads\/2026\/01\/Capture-decran-2026-01-10-214058.png 581w, https:\/\/ceofrance-international.com\/wp-content\/uploads\/2026\/01\/Capture-decran-2026-01-10-214058-300x210.png 300w\" sizes=\"(max-width: 581px) 100vw, 581px\" \/><\/figure>\n<\/div>\n\n\n\n<div class=\"wp-block-column is-layout-flow wp-block-column-is-layout-flow\">\n<p>15 &#8211; <a title=\"\" href=\"https:\/\/ceofrance-international.com\/wp-content\/uploads\/2024\/04\/Les-enfants-du-cosmos.pdf\">LES ENFANTS DU COSMOS<\/a> Certains enlev\u00e9s racontaient que leurs enfants avaient subi des manipulations g\u00e9n\u00e9tiques ou que des aliens leur avaient pr\u00e9sent\u00e9 des \u00ab\u00a0hybrides\u00a0\u00bb : mi-aliens, mi-humains,<\/p>\n<\/div>\n\n\n\n<div class=\"wp-block-column is-layout-flow wp-block-column-is-layout-flow\">\n<p>16 &#8211; <a title=\"\" href=\"https:\/\/ceofrance-international.com\/wp-content\/uploads\/2024\/04\/Les-invites-alien-du-gouvernement-americain.pdf\">LES INVIT\u00c9S ALIEN DU GOUVERNEMENT AM\u00c9RICAIN<\/a> H\u00f4tes forc\u00e9s, h\u00f4tes consentants&#8230; plusieurs extraterrestres ont v\u00e9cu ou vivent encore pr\u00e8s du Pentagone, aussi incroyable que cela paraisse. Des t\u00e9moins les ont rencontr\u00e9s <\/p>\n<\/div>\n<\/div>\n\n\n\n<div class=\"wp-block-columns is-layout-flex wp-container-core-columns-is-layout-28f84493 wp-block-columns-is-layout-flex\">\n<div class=\"wp-block-column is-layout-flow wp-block-column-is-layout-flow\">\n<p><a href=\"https:\/\/filedn.eu\/l7aEieoebTAp9TW303LKGXy\/Genevieve%20Vanquelef\/Les%20reptiliens%20intraterrestres-1.pdf\">17 \u2013 LES REPTILIENS INTRATERRESTRES &#8211; 1 :<\/a><br>Th\u00e8se de David Icke, confirm\u00e9e, pr\u00e9cis\u00e9e par d&rsquo;autres documents. (document Lacerti-;.-r\u00e9v\u00e9lations sur cette esp\u00e8ce vivant sur Terre depuis des mill\u00e9naires.etc\u2026).<br>185 pages.<\/p>\n<\/div>\n\n\n\n<div class=\"wp-block-column is-layout-flow wp-block-column-is-layout-flow\">\n<p>18 &#8211; <a title=\"\" href=\"https:\/\/ceofrance-international.com\/wp-content\/uploads\/2024\/04\/Les-guerres-de-Dulce.pdf\">LES GUERRES DE DULCE<\/a> Une de ces bases ,o\u00f9 se fabrique la technologie de demain, mais aussi o\u00f9 se produit les pires manipulations de l&rsquo;esprit et les exp\u00e9rimentations les plus odieuses . Cependant certains se r\u00e9voltent.<\/p>\n<\/div>\n\n\n\n<div class=\"wp-block-column is-layout-flow wp-block-column-is-layout-flow\">\n<p>19 &#8211; <a title=\"\" href=\"https:\/\/ceofrance-international.com\/wp-content\/uploads\/2024\/04\/Temoignages-militaires.pdf\">T\u00c9MOIGNAGES MILITAIRES<\/a> De nombreux officiers militaires ou anciens membres des services secrets attestent des observations, des actions sur l&rsquo;arsenal militaire des USA et d&rsquo;ailleurs, des accidents d&rsquo;OVNI&#8230; le livre qui PROUVE la pr\u00e9sence des Extraterrestres.<\/p>\n<\/div>\n<\/div>\n\n\n\n<div class=\"wp-block-columns is-layout-flex wp-container-core-columns-is-layout-28f84493 wp-block-columns-is-layout-flex\">\n<div class=\"wp-block-column is-layout-flow wp-block-column-is-layout-flow\">\n<p>20 &#8211; <a title=\"\" href=\"https:\/\/ceofrance-international.com\/wp-content\/uploads\/2024\/04\/Les-ambassadeurs.pdf\">LES AMBASSADEURS<\/a> \u00catres d&rsquo;apparence humaine qui servent les aliens. On rencontre de plus en plus de personnes physiquement humaines, vivant sur Terre, qui interf\u00e8rent dans la vie des enlev\u00e9s.<\/p>\n<\/div>\n\n\n\n<div class=\"wp-block-column is-layout-flow wp-block-column-is-layout-flow\">\n<p>21 &#8211; <a title=\"\" href=\"https:\/\/ceofrance-international.com\/wp-content\/uploads\/2024\/04\/Guerre-entre-gris-et-terriens.pdf\">GUERRE ENTRE GRIS ET TERRIENS<\/a> D&rsquo;abord alli\u00e9s, rien ne va plus entre certains gris et les hommes. Depuis 1984, des escarmouches se produisent r\u00e9guli\u00e8rement, et on pense qu&rsquo;un affrontement plus s\u00e9rieux existe dans l&rsquo;espace.<\/p>\n<\/div>\n\n\n\n<div class=\"wp-block-column is-layout-flow wp-block-column-is-layout-flow\">\n<p>22 &#8211; <a title=\"\" href=\"https:\/\/ceofrance-international.com\/wp-content\/uploads\/2024\/04\/Le-projet-looking-glass.pdf\">LE PROJET LOOKING-GLASS<\/a> Dans les laboratoires secrets du Nevada, un appareil aux propri\u00e9t\u00e9s \u00e9tranges a \u00e9t\u00e9 construit et miniaturis\u00e9 \u00e0 partir de 1970. <\/p>\n<\/div>\n<\/div>\n\n\n\n<div class=\"wp-block-columns is-layout-flex wp-container-core-columns-is-layout-28f84493 wp-block-columns-is-layout-flex\">\n<div class=\"wp-block-column is-layout-flow wp-block-column-is-layout-flow\">\n<p>23 &#8211; <a title=\"\" href=\"https:\/\/ceofrance-international.com\/wp-content\/uploads\/2024\/04\/Base-Allemande-en-Antartique.pdf\">BASE ALLEMANDE EN ANTARTIQUE<\/a> Les rumeurs d&rsquo;une base nazie secr\u00e8te construite sous les glaces de l&rsquo;Antarctique pendant la seconde guerre mondiale, n&rsquo; ont cess\u00e9 d&rsquo;alimenter les recherches sur les \u00e9nigmes du monde . De nouvel les informations cr\u00e9dibilisent cette \u00e9ventualit\u00e9 et apportent un \u00e9clairage nouveau sur de nombreux cas d&rsquo;OVNI c\u00e9l\u00e8bres.<\/p>\n<\/div>\n\n\n\n<div class=\"wp-block-column is-layout-flow wp-block-column-is-layout-flow\">\n<p>24 &#8211; <a title=\"\" href=\"https:\/\/ceofrance-international.com\/wp-content\/uploads\/2024\/04\/Presence-des-Anunnaki-et-des-Wingmakers.pdf\">PR\u00c9SENCE DES ANUNNAKI ET DES WINGMAKERS<\/a> De nouveaux documents passionnants sur l&rsquo;actualit\u00e9 des Anunnaki , leur histoire, leurs projets et sur les peuples am\u00e9rindiens, h\u00e9ritiers d&rsquo;une partie de leurs connaissances. On retrouve \u00e9galement les WingMakers, qui se manifestent \u00e0 nouveau, par un merveilleux message, dix ans apr\u00e8s leur premi\u00e8re intervention. Ils nous parlent de ce qui vient&#8230;<\/p>\n<\/div>\n\n\n\n<div class=\"wp-block-column is-layout-constrained wp-block-column-is-layout-constrained\">\n<p>25 &#8211; <a title=\"\" href=\"https:\/\/ceofrance-international.com\/wp-content\/uploads\/2024\/03\/Programmations-tres-speciales.pdf\">PROGRAMMATIONS TR\u00c8S SP\u00c9CIALES<\/a> Les \u00ab soldats-tueurs \u00bb sont issus du programme sp\u00e9cial secret MK ULTRA, effectu\u00e9 aux USA sur des enfants. Duncan O&rsquo; Finian fut l&rsquo;un d&rsquo;entre eux, dans les ann\u00e9es 60. Son r\u00e9cit r\u00e9voltant, ainsi que d&rsquo;autres t\u00e9moignages.<\/p>\n<\/div>\n<\/div>\n\n\n\n<div class=\"wp-block-columns is-layout-flex wp-container-core-columns-is-layout-28f84493 wp-block-columns-is-layout-flex\">\n<div class=\"wp-block-column is-layout-flow wp-block-column-is-layout-flow\">\n<p><a href=\"https:\/\/filedn.eu\/l7aEieoebTAp9TW303LKGXy\/Genevieve%20Vanquelef\/Contact%20collectif.pdf\">26 \u2013 CONTACT COLLECTIF <\/a><br>Traduction presque compl\u00e8te du livre de Stefano Breccia, qui raconte l&rsquo;histoire de<br>groupes d&rsquo;ET ayant s\u00e9journ\u00e9 en Italie, en Allemagne, en Suisse, en Autriche, dans les ann\u00e9es 60 et 70.<br>Des centaines de t\u00e9moins les ont rencontr\u00e9s, les ont aid\u00e9s, ont v\u00e9cu pr\u00e8s d&rsquo;eux.<br>140 pages + commentaires de G. Vanquelef 40 pages<\/p>\n<\/div>\n\n\n\n<div class=\"wp-block-column is-layout-flow wp-block-column-is-layout-flow\">\n<p>27 &#8211; <a title=\"\" href=\"https:\/\/ceofrance-international.com\/wp-content\/uploads\/2024\/04\/LHydre.pdf\">L&rsquo;HYDRE<\/a> On dit qu&rsquo;un groupe \u00e9litiste dirige en secret la plan\u00e8te et essaie d&rsquo;instaurer un gouvernement mondial dictatorial. Des projets  comme MK ULTRA, MONARCH, TALENT  contribue \u00e0 programmer des enfants . Conspirationniste ? Non, car des \u00ab repentis \u00bb commencent \u00e0 parler, au p\u00e9ril de leur vie.<\/p>\n<\/div>\n\n\n\n<div class=\"wp-block-column is-layout-flow wp-block-column-is-layout-flow\">\n<figure class=\"wp-block-image size-full is-resized\"><img loading=\"lazy\" decoding=\"async\" width=\"533\" height=\"711\" src=\"https:\/\/ceofrance-international.com\/wp-content\/uploads\/2026\/01\/TAVERNE_Mars_1974_-edited.jpg\" alt=\"\" class=\"wp-image-902\" style=\"aspect-ratio:0.7496572386127051;width:176px;height:auto\" srcset=\"https:\/\/ceofrance-international.com\/wp-content\/uploads\/2026\/01\/TAVERNE_Mars_1974_-edited.jpg 533w, https:\/\/ceofrance-international.com\/wp-content\/uploads\/2026\/01\/TAVERNE_Mars_1974_-edited-225x300.jpg 225w\" sizes=\"(max-width: 533px) 100vw, 533px\" \/><\/figure>\n<\/div>\n<\/div>\n\n\n\n<div class=\"wp-block-group is-layout-constrained wp-block-group-is-layout-constrained\">\n<div class=\"wp-block-columns is-layout-flex wp-container-core-columns-is-layout-28f84493 wp-block-columns-is-layout-flex\">\n<div class=\"wp-block-column is-layout-flow wp-block-column-is-layout-flow\">\n<hr class=\"wp-block-separator has-alpha-channel-opacity is-style-wide is-style-wide--1\"\/>\n<\/div>\n<\/div>\n\n\n\n<figure class=\"wp-block-image aligncenter size-large is-resized wp-duotone-unset-2\"><img loading=\"lazy\" decoding=\"async\" width=\"1024\" height=\"540\" src=\"https:\/\/ceofrance-international.com\/wp-content\/uploads\/2023\/10\/1000000135-1-1024x540.jpg\" alt=\"alt=&quot;Soucoupe volante OVNI illumin\u00e9e dans l\u2019espace avec rayon de lumi\u00e8re descendante, logo CEO France International \u2013 Association de recherche ufologique et \u00e9tude des ph\u00e9nom\u00e8nes a\u00e9riens non identifi\u00e9s&quot;\" class=\"wp-image-911\" style=\"width:383px;height:auto\" srcset=\"https:\/\/ceofrance-international.com\/wp-content\/uploads\/2023\/10\/1000000135-1-1024x540.jpg 1024w, https:\/\/ceofrance-international.com\/wp-content\/uploads\/2023\/10\/1000000135-1-300x158.jpg 300w, https:\/\/ceofrance-international.com\/wp-content\/uploads\/2023\/10\/1000000135-1-768x405.jpg 768w, https:\/\/ceofrance-international.com\/wp-content\/uploads\/2023\/10\/1000000135-1.jpg 1360w\" sizes=\"(max-width: 1024px) 100vw, 1024px\" \/><\/figure>\n\n\n\n<figure class=\"wp-block-image size-large wp-duotone-fcb900-rgba2097777099-3\"><img loading=\"lazy\" decoding=\"async\" width=\"1024\" height=\"88\" src=\"https:\/\/ceofrance-international.com\/wp-content\/uploads\/2025\/01\/ceofr-I--1024x88.png\" alt=\"CEO France- international\" class=\"wp-image-805\" srcset=\"https:\/\/ceofrance-international.com\/wp-content\/uploads\/2025\/01\/ceofr-I--1024x88.png 1024w, https:\/\/ceofrance-international.com\/wp-content\/uploads\/2025\/01\/ceofr-I--300x26.png 300w, https:\/\/ceofrance-international.com\/wp-content\/uploads\/2025\/01\/ceofr-I--768x66.png 768w, https:\/\/ceofrance-international.com\/wp-content\/uploads\/2025\/01\/ceofr-I-.png 1430w\" sizes=\"(max-width: 1024px) 100vw, 1024px\" \/><\/figure>\n<\/div>\n","protected":false},"excerpt":{"rendered":"<p>De Sodicoeur \u00e0 Serge Nazare, de l\u2019autobiographie aux r\u00e9cits captivants de Genevi\u00e8ve Vanquelef, d\u00e9couvrez une s\u00e9lection d\u2019ouvrages de r\u00e9f\u00e9rence pour approfondir l\u2019ufologie, comprendre les ph\u00e9nom\u00e8nes a\u00e9rospatiaux non identifi\u00e9s, et explorer les parcours de figures marquantes qui gravitent autour de notre association et ont fa\u00e7onn\u00e9 l\u2019histoire contemporaine du ph\u00e9nom\u00e8ne. C&rsquo;est \u00e0 travers des mots dont la [&hellip;]<\/p>\n","protected":false},"author":1,"featured_media":0,"parent":0,"menu_order":0,"comment_status":"closed","ping_status":"closed","template":"","meta":{"om_disable_all_campaigns":false,"_monsterinsights_skip_tracking":false,"_monsterinsights_sitenote_active":false,"_monsterinsights_sitenote_note":"","_monsterinsights_sitenote_category":0,"footnotes":""},"class_list":["post-98","page","type-page","status-publish","hentry"],"aioseo_notices":[],"_links":{"self":[{"href":"https:\/\/ceofrance-international.com\/index.php\/wp-json\/wp\/v2\/pages\/98","targetHints":{"allow":["GET"]}}],"collection":[{"href":"https:\/\/ceofrance-international.com\/index.php\/wp-json\/wp\/v2\/pages"}],"about":[{"href":"https:\/\/ceofrance-international.com\/index.php\/wp-json\/wp\/v2\/types\/page"}],"author":[{"embeddable":true,"href":"https:\/\/ceofrance-international.com\/index.php\/wp-json\/wp\/v2\/users\/1"}],"replies":[{"embeddable":true,"href":"https:\/\/ceofrance-international.com\/index.php\/wp-json\/wp\/v2\/comments?post=98"}],"version-history":[{"count":9,"href":"https:\/\/ceofrance-international.com\/index.php\/wp-json\/wp\/v2\/pages\/98\/revisions"}],"predecessor-version":[{"id":1064,"href":"https:\/\/ceofrance-international.com\/index.php\/wp-json\/wp\/v2\/pages\/98\/revisions\/1064"}],"wp:attachment":[{"href":"https:\/\/ceofrance-international.com\/index.php\/wp-json\/wp\/v2\/media?parent=98"}],"curies":[{"name":"wp","href":"https:\/\/api.w.org\/{rel}","templated":true}]}}